{"id":213,"date":"2024-01-26T15:44:16","date_gmt":"2024-01-26T14:44:16","guid":{"rendered":"https:\/\/easyskate.fr\/?page_id=213"},"modified":"2024-02-01T12:03:08","modified_gmt":"2024-02-01T11:03:08","slug":"une-ecole-de-skate-itinerante-sur-grenoble","status":"publish","type":"page","link":"https:\/\/easyskate.fr\/","title":{"rendered":"Une \u00e9cole de skate itin\u00e9rante"},"content":{"rendered":"\n<h1 class=\"wp-block-heading has-luminous-vivid-orange-color has-text-color has-link-color wp-elements-928d5d05e8cee425a1adcf780a7c3c6d\">Une \u00e9cole de skate itin\u00e9rante<\/h1>\n\n\n\n<h2 class=\"wp-block-heading\">Bienvenue chez EasySkate!<\/h2>\n\n\n\n<section id=\"wp-block-themeisle-blocks-advanced-columns-335a2f03\" class=\"wp-block-themeisle-blocks-advanced-columns alignfull has-1-columns has-desktop-equal-layout has-tablet-equal-layout has-mobile-equal-layout has-vertical-top\"><div class=\"wp-block-themeisle-blocks-advanced-columns-overlay\"><\/div><div class=\"innerblocks-wrap\">\n<div id=\"wp-block-themeisle-blocks-advanced-column-5d90343f\" class=\"wp-block-themeisle-blocks-advanced-column\">\n<section id=\"wp-block-themeisle-blocks-advanced-columns-b2ead1d6\" class=\"wp-block-themeisle-blocks-advanced-columns has-2-columns has-desktop-equal-layout has-tablet-equal-layout has-mobile-collapsedRows-layout has-vertical-center\"><div class=\"wp-block-themeisle-blocks-advanced-columns-overlay\"><\/div><div class=\"innerblocks-wrap\">\n<div id=\"wp-block-themeisle-blocks-advanced-column-7c705a1c\" class=\"wp-block-themeisle-blocks-advanced-column\">\n<p>Easy skate est une \u00e9cole de skateboard itin\u00e9rante qui se d\u00e9place dans les skateparks autour de Grenoble pour offrir des cours de skate aux enfants et aux adultes.<\/p>\n\n\n\n<p>Les cours peuvent se d\u00e9rouler par exemple sur les skateparks de Vaulnavey le haut, Chamrousse, Crolles, Fontaine la Poya, Voiron, les 2 Alpes, l\u2019Alpe d\u2019Huez, Theys\u2026<\/p>\n\n\n\n<p>Easy skate propose \u00e9galement des formules pour intervenir avec les groupes scolaires ou pour organiser des s\u00e9jours sur une th\u00e9matique autour du skate pour les agences de voyages (colos-apprenantes,\u2026).<\/p>\n\n\n\n<p>Besoin de mat\u00e9riels? Je fournis des planches de skate et les protections. Des modules sont disponibles \u00e0 la location pour les cours donn\u00e9s dans les groupes scolaires , les \u00e9v\u00e9nements et les comp\u00e9titions.<\/p>\n<\/div>\n\n\n\n<div id=\"wp-block-themeisle-blocks-advanced-column-5f9a9ec0\" class=\"wp-block-themeisle-blocks-advanced-column\">\n<figure class=\"wp-block-image size-full\"><img loading=\"lazy\" decoding=\"async\" width=\"595\" height=\"498\" src=\"https:\/\/easyskate.fr\/wp-content\/uploads\/2024\/01\/Enfant-sur-skate-page-accueil.jpg\" alt=\"Un enfant assit sur un skate \" class=\"wp-image-135\" srcset=\"https:\/\/easyskate.fr\/wp-content\/uploads\/2024\/01\/Enfant-sur-skate-page-accueil.jpg 595w, https:\/\/easyskate.fr\/wp-content\/uploads\/2024\/01\/Enfant-sur-skate-page-accueil-300x251.jpg 300w\" sizes=\"auto, (max-width: 595px) 100vw, 595px\" \/><\/figure>\n<\/div>\n<\/div><\/section>\n\n\n\n<p>Vous avez envie de remonter sur un skate, de pratiquer avec vos enfants ou de ma\u00eetriser un tricks qui vous r\u00e9siste ? N\u2019h\u00e9sitez plus, contactez-moi pour r\u00e9server votre cours!<\/p>\n\n\n\n<div class=\"wp-block-buttons is-content-justification-right is-layout-flex wp-container-core-buttons-is-layout-d445cf74 wp-block-buttons-is-layout-flex\">\n<div class=\"wp-block-button is-style-primary\"><a class=\"wp-block-button__link has-luminous-vivid-orange-background-color has-background has-border-color has-luminous-vivid-orange-border-color has-text-align-right wp-element-button\" href=\"tel:0645031648\" style=\"border-width:1px\">R\u00e9server votre cours<\/a><\/div>\n<\/div>\n\n\n\n<section id=\"wp-block-themeisle-blocks-advanced-columns-8e7cc7ae\" class=\"wp-block-themeisle-blocks-advanced-columns has-3-columns has-desktop-equal-layout has-tablet-equal-layout has-mobile-collapsedRows-layout has-vertical-flex-start\"><div class=\"wp-block-themeisle-blocks-advanced-columns-overlay\"><\/div><div class=\"innerblocks-wrap\">\n<div id=\"wp-block-themeisle-blocks-advanced-column-725f10a7\" class=\"wp-block-themeisle-blocks-advanced-column\">\n<h3 class=\"wp-block-heading has-text-align-center\"><a href=\"https:\/\/easyskate.fr\/index.php\/cours-de-skate-esprit-easyskate\/\" data-type=\"page\" data-id=\"87\">Cours de skate Enfants et Adultes<\/a><\/h3>\n\n\n\n<p class=\"has-text-align-left\">Venez d\u00e9couvrir l&rsquo;esprit EasySkate sur le d\u00e9roulement d&rsquo;une s\u00e9ance de cours type.<\/p>\n<\/div>\n\n\n\n<div id=\"wp-block-themeisle-blocks-advanced-column-3c67f726\" class=\"wp-block-themeisle-blocks-advanced-column\">\n<h3 class=\"wp-block-heading has-text-align-center\"><a href=\"https:\/\/easyskate.fr\/index.php\/cours-collectif-le-sur-mesure-facon-easyskate\/\">Initiation skateboard scolaire et MJC<\/a><\/h3>\n\n\n\n<p class=\"has-text-align-left\">EasySkate intervient aussi pour les collectivit\u00e9s.<\/p>\n<\/div>\n\n\n\n<div id=\"wp-block-themeisle-blocks-advanced-column-4956dbc0\" class=\"wp-block-themeisle-blocks-advanced-column\">\n<h3 class=\"wp-block-heading has-text-align-center\"><a href=\"https:\/\/easyskate.fr\/index.php\/location-de-modules-easyskate\/\">Location de modules pour vos \u00e9v\u00e9nements<\/a><\/h3>\n\n\n\n<p class=\"has-text-align-left\">Besoin de modules? EasySkate offre un service de location.<\/p>\n<\/div>\n<\/div><\/section>\n<\/div>\n<\/div><\/section>\n","protected":false},"excerpt":{"rendered":"<p>Une \u00e9cole de skate itin\u00e9rante Bienvenue chez EasySkate!<\/p>\n","protected":false},"author":1,"featured_media":0,"parent":0,"menu_order":0,"comment_status":"closed","ping_status":"closed","template":"","meta":{"_themeisle_gutenberg_block_has_review":false,"footnotes":""},"class_list":["post-213","page","type-page","status-publish","hentry"],"yoast_head":"<!-- This site is optimized with the Yoast SEO plugin v26.8 - https:\/\/yoast.com\/product\/yoast-seo-wordpress\/ -->\n<title>Une \u00e9cole de skate itin\u00e9rante - Easy Skate<\/title>\n<meta name=\"description\" content=\"EasySkate est une \u00e9cole de skate itin\u00e9rante sur Grenoble et sa r\u00e9gion. Cours de skateboard pour enfants (\u00e0 partir de 3 ans) et adultes.\" \/>\n<meta name=\"robots\" content=\"index, follow, max-snippet:-1, max-image-preview:large, max-video-preview:-1\" \/>\n<link rel=\"canonical\" href=\"https:\/\/easyskate.fr\/\" \/>\n<meta property=\"og:locale\" content=\"fr_FR\" \/>\n<meta property=\"og:type\" content=\"article\" \/>\n<meta property=\"og:title\" content=\"Une \u00e9cole de skate itin\u00e9rante - Easy Skate\" \/>\n<meta property=\"og:description\" content=\"EasySkate est une \u00e9cole de skate itin\u00e9rante sur Grenoble et sa r\u00e9gion. Cours de skateboard pour enfants (\u00e0 partir de 3 ans) et adultes.\" \/>\n<meta property=\"og:url\" content=\"https:\/\/easyskate.fr\/\" \/>\n<meta property=\"og:site_name\" content=\"Easy Skate\" \/>\n<meta property=\"article:publisher\" content=\"https:\/\/www.facebook.com\/profile.php?id=61555260633262\" \/>\n<meta property=\"article:modified_time\" content=\"2024-02-01T11:03:08+00:00\" \/>\n<meta property=\"og:image\" content=\"https:\/\/easyskate.fr\/wp-content\/uploads\/2024\/01\/Enfant-sur-skate-page-accueil.jpg\" \/>\n<meta name=\"twitter:card\" content=\"summary_large_image\" \/>\n<meta name=\"twitter:label1\" content=\"Dur\u00e9e de lecture estim\u00e9e\" \/>\n\t<meta name=\"twitter:data1\" content=\"2 minutes\" \/>\n<script type=\"application\/ld+json\" class=\"yoast-schema-graph\">{\"@context\":\"https:\/\/schema.org\",\"@graph\":[{\"@type\":\"WebPage\",\"@id\":\"https:\/\/easyskate.fr\/\",\"url\":\"https:\/\/easyskate.fr\/\",\"name\":\"Une \u00e9cole de skate itin\u00e9rante - Easy Skate\",\"isPartOf\":{\"@id\":\"https:\/\/easyskate.fr\/#website\"},\"primaryImageOfPage\":{\"@id\":\"https:\/\/easyskate.fr\/#primaryimage\"},\"image\":{\"@id\":\"https:\/\/easyskate.fr\/#primaryimage\"},\"thumbnailUrl\":\"https:\/\/easyskate.fr\/wp-content\/uploads\/2024\/01\/Enfant-sur-skate-page-accueil.jpg\",\"datePublished\":\"2024-01-26T14:44:16+00:00\",\"dateModified\":\"2024-02-01T11:03:08+00:00\",\"description\":\"EasySkate est une \u00e9cole de skate itin\u00e9rante sur Grenoble et sa r\u00e9gion. Cours de skateboard pour enfants (\u00e0 partir de 3 ans) et adultes.\",\"breadcrumb\":{\"@id\":\"https:\/\/easyskate.fr\/#breadcrumb\"},\"inLanguage\":\"fr-FR\",\"potentialAction\":[{\"@type\":\"ReadAction\",\"target\":[\"https:\/\/easyskate.fr\/\"]}]},{\"@type\":\"ImageObject\",\"inLanguage\":\"fr-FR\",\"@id\":\"https:\/\/easyskate.fr\/#primaryimage\",\"url\":\"https:\/\/easyskate.fr\/wp-content\/uploads\/2024\/01\/Enfant-sur-skate-page-accueil.jpg\",\"contentUrl\":\"https:\/\/easyskate.fr\/wp-content\/uploads\/2024\/01\/Enfant-sur-skate-page-accueil.jpg\",\"width\":595,\"height\":498,\"caption\":\"enfant skate\"},{\"@type\":\"BreadcrumbList\",\"@id\":\"https:\/\/easyskate.fr\/#breadcrumb\",\"itemListElement\":[{\"@type\":\"ListItem\",\"position\":1,\"name\":\"Accueil\",\"item\":\"https:\/\/easyskate.fr\/\"},{\"@type\":\"ListItem\",\"position\":2,\"name\":\"Une \u00e9cole de skate itin\u00e9rante\"}]},{\"@type\":\"WebSite\",\"@id\":\"https:\/\/easyskate.fr\/#website\",\"url\":\"https:\/\/easyskate.fr\/\",\"name\":\"Easy Skate\",\"description\":\"Easy skate, cours de skate sur Grenoble et ses environs.\",\"publisher\":{\"@id\":\"https:\/\/easyskate.fr\/#organization\"},\"potentialAction\":[{\"@type\":\"SearchAction\",\"target\":{\"@type\":\"EntryPoint\",\"urlTemplate\":\"https:\/\/easyskate.fr\/?s={search_term_string}\"},\"query-input\":{\"@type\":\"PropertyValueSpecification\",\"valueRequired\":true,\"valueName\":\"search_term_string\"}}],\"inLanguage\":\"fr-FR\"},{\"@type\":\"Organization\",\"@id\":\"https:\/\/easyskate.fr\/#organization\",\"name\":\"Easy Skate\",\"url\":\"https:\/\/easyskate.fr\/\",\"logo\":{\"@type\":\"ImageObject\",\"inLanguage\":\"fr-FR\",\"@id\":\"https:\/\/easyskate.fr\/#\/schema\/logo\/image\/\",\"url\":\"https:\/\/easyskate.fr\/wp-content\/uploads\/2024\/01\/logo-1.jpg\",\"contentUrl\":\"https:\/\/easyskate.fr\/wp-content\/uploads\/2024\/01\/logo-1.jpg\",\"width\":458,\"height\":458,\"caption\":\"Easy Skate\"},\"image\":{\"@id\":\"https:\/\/easyskate.fr\/#\/schema\/logo\/image\/\"},\"sameAs\":[\"https:\/\/www.facebook.com\/profile.php?id=61555260633262\"]}]}<\/script>\n<!-- \/ Yoast SEO plugin. -->","yoast_head_json":{"title":"Une \u00e9cole de skate itin\u00e9rante - Easy Skate","description":"EasySkate est une \u00e9cole de skate itin\u00e9rante sur Grenoble et sa r\u00e9gion. Cours de skateboard pour enfants (\u00e0 partir de 3 ans) et adultes.","robots":{"index":"index","follow":"follow","max-snippet":"max-snippet:-1","max-image-preview":"max-image-preview:large","max-video-preview":"max-video-preview:-1"},"canonical":"https:\/\/easyskate.fr\/","og_locale":"fr_FR","og_type":"article","og_title":"Une \u00e9cole de skate itin\u00e9rante - Easy Skate","og_description":"EasySkate est une \u00e9cole de skate itin\u00e9rante sur Grenoble et sa r\u00e9gion. Cours de skateboard pour enfants (\u00e0 partir de 3 ans) et adultes.","og_url":"https:\/\/easyskate.fr\/","og_site_name":"Easy Skate","article_publisher":"https:\/\/www.facebook.com\/profile.php?id=61555260633262","article_modified_time":"2024-02-01T11:03:08+00:00","og_image":[{"url":"https:\/\/easyskate.fr\/wp-content\/uploads\/2024\/01\/Enfant-sur-skate-page-accueil.jpg","type":"","width":"","height":""}],"twitter_card":"summary_large_image","twitter_misc":{"Dur\u00e9e de lecture estim\u00e9e":"2 minutes"},"schema":{"@context":"https:\/\/schema.org","@graph":[{"@type":"WebPage","@id":"https:\/\/easyskate.fr\/","url":"https:\/\/easyskate.fr\/","name":"Une \u00e9cole de skate itin\u00e9rante - Easy Skate","isPartOf":{"@id":"https:\/\/easyskate.fr\/#website"},"primaryImageOfPage":{"@id":"https:\/\/easyskate.fr\/#primaryimage"},"image":{"@id":"https:\/\/easyskate.fr\/#primaryimage"},"thumbnailUrl":"https:\/\/easyskate.fr\/wp-content\/uploads\/2024\/01\/Enfant-sur-skate-page-accueil.jpg","datePublished":"2024-01-26T14:44:16+00:00","dateModified":"2024-02-01T11:03:08+00:00","description":"EasySkate est une \u00e9cole de skate itin\u00e9rante sur Grenoble et sa r\u00e9gion. Cours de skateboard pour enfants (\u00e0 partir de 3 ans) et adultes.","breadcrumb":{"@id":"https:\/\/easyskate.fr\/#breadcrumb"},"inLanguage":"fr-FR","potentialAction":[{"@type":"ReadAction","target":["https:\/\/easyskate.fr\/"]}]},{"@type":"ImageObject","inLanguage":"fr-FR","@id":"https:\/\/easyskate.fr\/#primaryimage","url":"https:\/\/easyskate.fr\/wp-content\/uploads\/2024\/01\/Enfant-sur-skate-page-accueil.jpg","contentUrl":"https:\/\/easyskate.fr\/wp-content\/uploads\/2024\/01\/Enfant-sur-skate-page-accueil.jpg","width":595,"height":498,"caption":"enfant skate"},{"@type":"BreadcrumbList","@id":"https:\/\/easyskate.fr\/#breadcrumb","itemListElement":[{"@type":"ListItem","position":1,"name":"Accueil","item":"https:\/\/easyskate.fr\/"},{"@type":"ListItem","position":2,"name":"Une \u00e9cole de skate itin\u00e9rante"}]},{"@type":"WebSite","@id":"https:\/\/easyskate.fr\/#website","url":"https:\/\/easyskate.fr\/","name":"Easy Skate","description":"Easy skate, cours de skate sur Grenoble et ses environs.","publisher":{"@id":"https:\/\/easyskate.fr\/#organization"},"potentialAction":[{"@type":"SearchAction","target":{"@type":"EntryPoint","urlTemplate":"https:\/\/easyskate.fr\/?s={search_term_string}"},"query-input":{"@type":"PropertyValueSpecification","valueRequired":true,"valueName":"search_term_string"}}],"inLanguage":"fr-FR"},{"@type":"Organization","@id":"https:\/\/easyskate.fr\/#organization","name":"Easy Skate","url":"https:\/\/easyskate.fr\/","logo":{"@type":"ImageObject","inLanguage":"fr-FR","@id":"https:\/\/easyskate.fr\/#\/schema\/logo\/image\/","url":"https:\/\/easyskate.fr\/wp-content\/uploads\/2024\/01\/logo-1.jpg","contentUrl":"https:\/\/easyskate.fr\/wp-content\/uploads\/2024\/01\/logo-1.jpg","width":458,"height":458,"caption":"Easy Skate"},"image":{"@id":"https:\/\/easyskate.fr\/#\/schema\/logo\/image\/"},"sameAs":["https:\/\/www.facebook.com\/profile.php?id=61555260633262"]}]}},"_links":{"self":[{"href":"https:\/\/easyskate.fr\/index.php\/wp-json\/wp\/v2\/pages\/213","targetHints":{"allow":["GET"]}}],"collection":[{"href":"https:\/\/easyskate.fr\/index.php\/wp-json\/wp\/v2\/pages"}],"about":[{"href":"https:\/\/easyskate.fr\/index.php\/wp-json\/wp\/v2\/types\/page"}],"author":[{"embeddable":true,"href":"https:\/\/easyskate.fr\/index.php\/wp-json\/wp\/v2\/users\/1"}],"replies":[{"embeddable":true,"href":"https:\/\/easyskate.fr\/index.php\/wp-json\/wp\/v2\/comments?post=213"}],"version-history":[{"count":22,"href":"https:\/\/easyskate.fr\/index.php\/wp-json\/wp\/v2\/pages\/213\/revisions"}],"predecessor-version":[{"id":283,"href":"https:\/\/easyskate.fr\/index.php\/wp-json\/wp\/v2\/pages\/213\/revisions\/283"}],"wp:attachment":[{"href":"https:\/\/easyskate.fr\/index.php\/wp-json\/wp\/v2\/media?parent=213"}],"curies":[{"name":"wp","href":"https:\/\/api.w.org\/{rel}","templated":true}]}}