{"id":71,"date":"2024-01-19T19:20:58","date_gmt":"2024-01-19T18:20:58","guid":{"rendered":"https:\/\/easyskate.fr\/?page_id=71"},"modified":"2024-01-26T17:12:28","modified_gmt":"2024-01-26T16:12:28","slug":"location-de-modules-easyskate","status":"publish","type":"page","link":"https:\/\/easyskate.fr\/index.php\/location-de-modules-easyskate\/","title":{"rendered":"Les modules EasySkate sont \u00e0 votre disposition"},"content":{"rendered":"\n<div class=\"wp-block-group is-layout-constrained wp-container-core-group-is-layout-ff778368 wp-block-group-is-layout-constrained\" style=\"padding-right:var(--wp--preset--spacing--30);padding-left:var(--wp--preset--spacing--30)\">\n<p>Vous n\u2019avez pas de structure skate dans votre \u00e9tablissement ou vous ne pouvez pas vous d\u00e9placer avec vos \u00e9l\u00e8ves sur un skate park ?<\/p>\n\n\n\n<p>EasySkate vous propose la location de modules de skate !<\/p>\n\n\n\n<p>Les modules vous permettent de cr\u00e9er un skate park \u00e9ph\u00e9m\u00e8re sur le lieu de votre choix. Nous nous occupons de la livraison, de l\u2019installation et du d\u00e9montage des modules. Je vous fournis \u00e9galement tout le mat\u00e9riel n\u00e9cessaire : planches, casques, protections, etc.<\/p>\n\n\n\n<p>Les modules sont des vrais modules de skate, con\u00e7us pour une pratique intensive. Ils sont ludiques et adapt\u00e9s aux exercices propos\u00e9s. EasySkate dispose de 3 courbes de diff\u00e9rents niveaux et d\u2019un plan inclin\u00e9, qui permettent de varier les tricks et les sensations.<\/p>\n\n\n\n<p>Que ce soit pour un anniversaire, un \u00e9v\u00e9nement ou tout autre projet, vous pouvez privatiser les modules pour la dur\u00e9e que vous souhaitez. Vous pouvez \u00e9galement b\u00e9n\u00e9ficier de l\u2019encadrement d\u2019un moniteur qualifi\u00e9, qui vous initiera aux bases du skate ou vous aidera \u00e0 progresser.<\/p>\n\n\n\n<div style=\"height:14px\" aria-hidden=\"true\" class=\"wp-block-spacer\"><\/div>\n<\/div>\n\n\n\n<div class=\"wp-block-group alignfull has-text-color has-background is-layout-constrained wp-block-group-is-layout-constrained\" style=\"color:#000000;background-color:#ffffff\">\n<div style=\"height:14px\" aria-hidden=\"true\" class=\"wp-block-spacer\"><\/div>\n\n\n\n<h2 class=\"wp-block-heading has-text-align-center has-medium-font-size\" id=\"schedule-a-visit\" style=\"line-height:1.15\"><strong>R\u00e9server votre skatepark EasySkate privatis\u00e9<\/strong>:<\/h2>\n\n\n\n<p class=\"has-text-align-center has-ti-fg-color has-text-color has-link-color wp-elements-80e95ae870c144f86e2352746dfbadc3\">Par <a href=\"mailto:fabriziorigo72@gmail.com\">email<\/a> \u00e0 ou par t\u00e9l\u00e9phone via le lien suivant: <\/p>\n\n\n\n<div class=\"wp-block-buttons is-horizontal is-content-justification-center is-layout-flex wp-container-core-buttons-is-layout-03627597 wp-block-buttons-is-layout-flex\">\n<div class=\"wp-block-button has-custom-font-size has-medium-font-size\"><a class=\"wp-block-button__link has-luminous-vivid-orange-background-color has-text-color has-background has-border-color has-luminous-vivid-orange-border-color wp-element-button\" href=\"tel:0645031648\" style=\"border-radius:0px;color:#ffffff\">Appelez-moi<\/a><\/div>\n<\/div>\n\n\n\n<div style=\"height:64px\" aria-hidden=\"true\" class=\"wp-block-spacer\"><\/div>\n<\/div>\n\n\n\n<div class=\"wp-block-group alignfull has-text-color has-background is-layout-constrained wp-block-group-is-layout-constrained\" style=\"color:#000000;background-color:#ffffff\">\n<div style=\"height:17px\" aria-hidden=\"true\" class=\"wp-block-spacer\"><\/div>\n\n\n\n<h2 class=\"wp-block-heading has-text-align-center has-medium-font-size\" id=\"schedule-a-visit\" style=\"line-height:1.15\"><strong>R\u00e9server votre skatepark EasySkate privatis\u00e9<\/strong>:<\/h2>\n\n\n\n<p class=\"has-text-align-center has-ti-fg-color has-text-color has-link-color wp-elements-3604e9b4834fa6b4342e280d777a221c\">Au 06 45 03 16 48 ou par email via le le lien suivant:<\/p>\n\n\n\n<div class=\"wp-block-buttons is-horizontal is-content-justification-center is-layout-flex wp-container-core-buttons-is-layout-03627597 wp-block-buttons-is-layout-flex\">\n<div class=\"wp-block-button has-custom-font-size has-medium-font-size\"><a class=\"wp-block-button__link has-luminous-vivid-orange-background-color has-text-color has-background has-border-color has-luminous-vivid-orange-border-color wp-element-button\" href=\"mailto:fabriziorigo72@gmail.com\" style=\"border-radius:0px;color:#ffffff\">Ecrivez-moi<\/a><\/div>\n<\/div>\n\n\n\n<div style=\"height:64px\" aria-hidden=\"true\" class=\"wp-block-spacer\"><\/div>\n<\/div>\n","protected":false},"excerpt":{"rendered":"<p>Vous n\u2019avez pas de structure skate dans votre \u00e9tablissement ou vous ne pouvez pas vous d\u00e9placer avec vos \u00e9l\u00e8ves sur un skate park ? EasySkate vous propose la location de modules de skate ! Les modules vous permettent de cr\u00e9er un skate park \u00e9ph\u00e9m\u00e8re sur le lieu de votre choix. Nous nous occupons de la [&hellip;]<\/p>\n","protected":false},"author":1,"featured_media":0,"parent":0,"menu_order":0,"comment_status":"closed","ping_status":"closed","template":"","meta":{"_themeisle_gutenberg_block_has_review":false,"footnotes":""},"class_list":["post-71","page","type-page","status-publish","hentry"],"yoast_head":"<!-- This site is optimized with the Yoast SEO plugin v26.8 - https:\/\/yoast.com\/product\/yoast-seo-wordpress\/ -->\n<title>Les modules EasySkate sont \u00e0 votre disposition - Easy Skate<\/title>\n<meta name=\"robots\" content=\"index, follow, max-snippet:-1, max-image-preview:large, max-video-preview:-1\" \/>\n<link rel=\"canonical\" href=\"https:\/\/easyskate.fr\/index.php\/location-de-modules-easyskate\/\" \/>\n<meta property=\"og:locale\" content=\"fr_FR\" \/>\n<meta property=\"og:type\" content=\"article\" \/>\n<meta property=\"og:title\" content=\"Les modules EasySkate sont \u00e0 votre disposition - Easy Skate\" \/>\n<meta property=\"og:description\" content=\"Vous n\u2019avez pas de structure skate dans votre \u00e9tablissement ou vous ne pouvez pas vous d\u00e9placer avec vos \u00e9l\u00e8ves sur un skate park ? EasySkate vous propose la location de modules de skate ! Les modules vous permettent de cr\u00e9er un skate park \u00e9ph\u00e9m\u00e8re sur le lieu de votre choix. Nous nous occupons de la [&hellip;]\" \/>\n<meta property=\"og:url\" content=\"https:\/\/easyskate.fr\/index.php\/location-de-modules-easyskate\/\" \/>\n<meta property=\"og:site_name\" content=\"Easy Skate\" \/>\n<meta property=\"article:publisher\" content=\"https:\/\/www.facebook.com\/profile.php?id=61555260633262\" \/>\n<meta property=\"article:modified_time\" content=\"2024-01-26T16:12:28+00:00\" \/>\n<meta property=\"og:image\" content=\"https:\/\/easyskate.fr\/wp-content\/uploads\/2024\/01\/logo-1.jpg\" \/>\n\t<meta property=\"og:image:width\" content=\"458\" \/>\n\t<meta property=\"og:image:height\" content=\"458\" \/>\n\t<meta property=\"og:image:type\" content=\"image\/jpeg\" \/>\n<meta name=\"twitter:card\" content=\"summary_large_image\" \/>\n<meta name=\"twitter:label1\" content=\"Dur\u00e9e de lecture estim\u00e9e\" \/>\n\t<meta name=\"twitter:data1\" content=\"1 minute\" \/>\n<script type=\"application\/ld+json\" class=\"yoast-schema-graph\">{\"@context\":\"https:\/\/schema.org\",\"@graph\":[{\"@type\":\"WebPage\",\"@id\":\"https:\/\/easyskate.fr\/index.php\/location-de-modules-easyskate\/\",\"url\":\"https:\/\/easyskate.fr\/index.php\/location-de-modules-easyskate\/\",\"name\":\"Les modules EasySkate sont \u00e0 votre disposition - Easy Skate\",\"isPartOf\":{\"@id\":\"https:\/\/easyskate.fr\/#website\"},\"datePublished\":\"2024-01-19T18:20:58+00:00\",\"dateModified\":\"2024-01-26T16:12:28+00:00\",\"breadcrumb\":{\"@id\":\"https:\/\/easyskate.fr\/index.php\/location-de-modules-easyskate\/#breadcrumb\"},\"inLanguage\":\"fr-FR\",\"potentialAction\":[{\"@type\":\"ReadAction\",\"target\":[\"https:\/\/easyskate.fr\/index.php\/location-de-modules-easyskate\/\"]}]},{\"@type\":\"BreadcrumbList\",\"@id\":\"https:\/\/easyskate.fr\/index.php\/location-de-modules-easyskate\/#breadcrumb\",\"itemListElement\":[{\"@type\":\"ListItem\",\"position\":1,\"name\":\"Accueil\",\"item\":\"https:\/\/easyskate.fr\/\"},{\"@type\":\"ListItem\",\"position\":2,\"name\":\"Les modules EasySkate sont \u00e0 votre disposition\"}]},{\"@type\":\"WebSite\",\"@id\":\"https:\/\/easyskate.fr\/#website\",\"url\":\"https:\/\/easyskate.fr\/\",\"name\":\"Easy Skate\",\"description\":\"Easy skate, cours de skate sur Grenoble et ses environs.\",\"publisher\":{\"@id\":\"https:\/\/easyskate.fr\/#organization\"},\"potentialAction\":[{\"@type\":\"SearchAction\",\"target\":{\"@type\":\"EntryPoint\",\"urlTemplate\":\"https:\/\/easyskate.fr\/?s={search_term_string}\"},\"query-input\":{\"@type\":\"PropertyValueSpecification\",\"valueRequired\":true,\"valueName\":\"search_term_string\"}}],\"inLanguage\":\"fr-FR\"},{\"@type\":\"Organization\",\"@id\":\"https:\/\/easyskate.fr\/#organization\",\"name\":\"Easy Skate\",\"url\":\"https:\/\/easyskate.fr\/\",\"logo\":{\"@type\":\"ImageObject\",\"inLanguage\":\"fr-FR\",\"@id\":\"https:\/\/easyskate.fr\/#\/schema\/logo\/image\/\",\"url\":\"https:\/\/easyskate.fr\/wp-content\/uploads\/2024\/01\/logo-1.jpg\",\"contentUrl\":\"https:\/\/easyskate.fr\/wp-content\/uploads\/2024\/01\/logo-1.jpg\",\"width\":458,\"height\":458,\"caption\":\"Easy Skate\"},\"image\":{\"@id\":\"https:\/\/easyskate.fr\/#\/schema\/logo\/image\/\"},\"sameAs\":[\"https:\/\/www.facebook.com\/profile.php?id=61555260633262\"]}]}<\/script>\n<!-- \/ Yoast SEO plugin. -->","yoast_head_json":{"title":"Les modules EasySkate sont \u00e0 votre disposition - Easy Skate","robots":{"index":"index","follow":"follow","max-snippet":"max-snippet:-1","max-image-preview":"max-image-preview:large","max-video-preview":"max-video-preview:-1"},"canonical":"https:\/\/easyskate.fr\/index.php\/location-de-modules-easyskate\/","og_locale":"fr_FR","og_type":"article","og_title":"Les modules EasySkate sont \u00e0 votre disposition - Easy Skate","og_description":"Vous n\u2019avez pas de structure skate dans votre \u00e9tablissement ou vous ne pouvez pas vous d\u00e9placer avec vos \u00e9l\u00e8ves sur un skate park ? EasySkate vous propose la location de modules de skate ! Les modules vous permettent de cr\u00e9er un skate park \u00e9ph\u00e9m\u00e8re sur le lieu de votre choix. Nous nous occupons de la [&hellip;]","og_url":"https:\/\/easyskate.fr\/index.php\/location-de-modules-easyskate\/","og_site_name":"Easy Skate","article_publisher":"https:\/\/www.facebook.com\/profile.php?id=61555260633262","article_modified_time":"2024-01-26T16:12:28+00:00","og_image":[{"width":458,"height":458,"url":"https:\/\/easyskate.fr\/wp-content\/uploads\/2024\/01\/logo-1.jpg","type":"image\/jpeg"}],"twitter_card":"summary_large_image","twitter_misc":{"Dur\u00e9e de lecture estim\u00e9e":"1 minute"},"schema":{"@context":"https:\/\/schema.org","@graph":[{"@type":"WebPage","@id":"https:\/\/easyskate.fr\/index.php\/location-de-modules-easyskate\/","url":"https:\/\/easyskate.fr\/index.php\/location-de-modules-easyskate\/","name":"Les modules EasySkate sont \u00e0 votre disposition - Easy Skate","isPartOf":{"@id":"https:\/\/easyskate.fr\/#website"},"datePublished":"2024-01-19T18:20:58+00:00","dateModified":"2024-01-26T16:12:28+00:00","breadcrumb":{"@id":"https:\/\/easyskate.fr\/index.php\/location-de-modules-easyskate\/#breadcrumb"},"inLanguage":"fr-FR","potentialAction":[{"@type":"ReadAction","target":["https:\/\/easyskate.fr\/index.php\/location-de-modules-easyskate\/"]}]},{"@type":"BreadcrumbList","@id":"https:\/\/easyskate.fr\/index.php\/location-de-modules-easyskate\/#breadcrumb","itemListElement":[{"@type":"ListItem","position":1,"name":"Accueil","item":"https:\/\/easyskate.fr\/"},{"@type":"ListItem","position":2,"name":"Les modules EasySkate sont \u00e0 votre disposition"}]},{"@type":"WebSite","@id":"https:\/\/easyskate.fr\/#website","url":"https:\/\/easyskate.fr\/","name":"Easy Skate","description":"Easy skate, cours de skate sur Grenoble et ses environs.","publisher":{"@id":"https:\/\/easyskate.fr\/#organization"},"potentialAction":[{"@type":"SearchAction","target":{"@type":"EntryPoint","urlTemplate":"https:\/\/easyskate.fr\/?s={search_term_string}"},"query-input":{"@type":"PropertyValueSpecification","valueRequired":true,"valueName":"search_term_string"}}],"inLanguage":"fr-FR"},{"@type":"Organization","@id":"https:\/\/easyskate.fr\/#organization","name":"Easy Skate","url":"https:\/\/easyskate.fr\/","logo":{"@type":"ImageObject","inLanguage":"fr-FR","@id":"https:\/\/easyskate.fr\/#\/schema\/logo\/image\/","url":"https:\/\/easyskate.fr\/wp-content\/uploads\/2024\/01\/logo-1.jpg","contentUrl":"https:\/\/easyskate.fr\/wp-content\/uploads\/2024\/01\/logo-1.jpg","width":458,"height":458,"caption":"Easy Skate"},"image":{"@id":"https:\/\/easyskate.fr\/#\/schema\/logo\/image\/"},"sameAs":["https:\/\/www.facebook.com\/profile.php?id=61555260633262"]}]}},"_links":{"self":[{"href":"https:\/\/easyskate.fr\/index.php\/wp-json\/wp\/v2\/pages\/71","targetHints":{"allow":["GET"]}}],"collection":[{"href":"https:\/\/easyskate.fr\/index.php\/wp-json\/wp\/v2\/pages"}],"about":[{"href":"https:\/\/easyskate.fr\/index.php\/wp-json\/wp\/v2\/types\/page"}],"author":[{"embeddable":true,"href":"https:\/\/easyskate.fr\/index.php\/wp-json\/wp\/v2\/users\/1"}],"replies":[{"embeddable":true,"href":"https:\/\/easyskate.fr\/index.php\/wp-json\/wp\/v2\/comments?post=71"}],"version-history":[{"count":18,"href":"https:\/\/easyskate.fr\/index.php\/wp-json\/wp\/v2\/pages\/71\/revisions"}],"predecessor-version":[{"id":259,"href":"https:\/\/easyskate.fr\/index.php\/wp-json\/wp\/v2\/pages\/71\/revisions\/259"}],"wp:attachment":[{"href":"https:\/\/easyskate.fr\/index.php\/wp-json\/wp\/v2\/media?parent=71"}],"curies":[{"name":"wp","href":"https:\/\/api.w.org\/{rel}","templated":true}]}}