{"id":99,"date":"2024-01-19T20:51:30","date_gmt":"2024-01-19T19:51:30","guid":{"rendered":"https:\/\/easyskate.fr\/?page_id=99"},"modified":"2024-05-15T11:39:23","modified_gmt":"2024-05-15T09:39:23","slug":"cours-collectif-le-sur-mesure-facon-easyskate","status":"publish","type":"page","link":"https:\/\/easyskate.fr\/index.php\/cours-collectif-le-sur-mesure-facon-easyskate\/","title":{"rendered":"Cours collectif: le sur-mesure fa\u00e7on EasySkate"},"content":{"rendered":"\n<div class=\"wp-block-group is-layout-constrained wp-container-core-group-is-layout-ff778368 wp-block-group-is-layout-constrained\" style=\"padding-right:var(--wp--preset--spacing--30);padding-left:var(--wp--preset--spacing--30)\">\n<p>Vous cherchez une activit\u00e9 originale et ludique pour vos \u00e9l\u00e8ves ou pour votre MJC? <br>Pourquoi ne pas leur proposer un cours de skate avec un moniteur dipl\u00f4m\u00e9 et exp\u00e9riment\u00e9 ?<\/p>\n\n\n\n<div style=\"height:13px\" aria-hidden=\"true\" class=\"wp-block-spacer\"><\/div>\n\n\n\n<p>Voici ce que EasySkate vous propose :<\/p>\n\n\n\n<div class=\"wp-block-group is-layout-constrained wp-container-core-group-is-layout-11c1ca01 wp-block-group-is-layout-constrained\" style=\"padding-right:var(--wp--preset--spacing--50);padding-left:var(--wp--preset--spacing--50)\">\n<p>&#8211; Des cours adapt\u00e9s au niveau et aux envies de chaque participant, du d\u00e9butant au confirm\u00e9.<\/p>\n\n\n\n<p>&#8211; Des s\u00e9ances de 1h, 1h30 ou 2h, selon vos projets et votre budget.<\/p>\n\n\n\n<p>&#8211; La possibilit\u00e9 de choisir la dur\u00e9e du stage, de 1 \u00e0 5 jours cons\u00e9cutifs, avec ou sans pause le mercredi.<\/p>\n\n\n\n<p>&#8211; Le mat\u00e9riel fourni (casque, protections, skate) est nettoy\u00e9 et d\u00e9sinfect\u00e9 apr\u00e8s chaque stage. Il est \u00e9galement v\u00e9rifi\u00e9 r\u00e9guli\u00e8rement (roues, trucks, planche, grip).<\/p>\n\n\n\n<p>&#8211; Le choix du lieu : soit dans un skatepark existant, soit dans un skatepark \u00e9ph\u00e9m\u00e8re que je peux installer avec jusqu&rsquo;\u00e0 4 modules ludiques et adapt\u00e9s au niveau des participants<\/p>\n<\/div>\n\n\n\n<div style=\"height:13px\" aria-hidden=\"true\" class=\"wp-block-spacer\"><\/div>\n\n\n\n<p>Le d\u00e9roulement d&rsquo;une s\u00e9ance type est le suivant :<\/p>\n\n\n\n<div class=\"wp-block-group is-layout-constrained wp-container-core-group-is-layout-11c1ca01 wp-block-group-is-layout-constrained\" style=\"padding-right:var(--wp--preset--spacing--50);padding-left:var(--wp--preset--spacing--50)\">\n<p>&#8211; L\u2019\u00e9ducateur sportif commence par d\u00e9terminer le niveau de chacun pour cr\u00e9er des groupes homog\u00e8nes et favoriser l&rsquo;apprentissage de chaque \u00e9l\u00e8ve.<\/p>\n\n\n\n<p>&#8211; Il accompagne les groupes d\u00e9couvrant l\u2019activit\u00e9, en leur apprenant les bases du skate (position, \u00e9quilibre, pouss\u00e9e, freinage) et en les s\u00e9curisant.<\/p>\n\n\n\n<p>&#8211; Il s&rsquo;occupe ensuite des groupes plus autonomes, en leur proposant des exercices plus complexes (virages, sauts, figures) et en les encourageant.<\/p>\n\n\n\n<p>&#8211;&nbsp; Il alterne entre les diff\u00e9rents groupes pour apporter des conseils personnalis\u00e9s et augmenter la difficult\u00e9 progressivement.<\/p>\n\n\n\n<p>&#8211; La s\u00e9ance se termine par un bilan sur les diff\u00e9rents ressentis des participants afin d\u2019adapter la prochaine s\u00e9ance.<\/p>\n<\/div>\n\n\n\n<div style=\"height:13px\" aria-hidden=\"true\" class=\"wp-block-spacer\"><\/div>\n\n\n\n<p>Si vous \u00eates int\u00e9ress\u00e9s par cette offre, n&rsquo;h\u00e9sitez pas \u00e0 me contacter pour plus d\u2019information, ou pour un devis. Je me ferai un plaisir de vous r\u00e9pondre&nbsp; et de vous faire d\u00e9couvrir l&rsquo;univers du skate .<\/p>\n\n\n\n<div style=\"height:13px\" aria-hidden=\"true\" class=\"wp-block-spacer\"><\/div>\n<\/div>\n\n\n\n<div class=\"wp-block-group alignfull has-text-color has-background is-layout-constrained wp-block-group-is-layout-constrained\" style=\"color:#000000;background-color:#ffffff\">\n<div style=\"height:17px\" aria-hidden=\"true\" class=\"wp-block-spacer\"><\/div>\n\n\n\n<h2 class=\"wp-block-heading has-text-align-center has-medium-font-size\" id=\"schedule-a-visit\" style=\"line-height:1.15\"><strong>Besoin d&rsquo;information ou d&rsquo;un devis? Contactez nous<\/strong><\/h2>\n\n\n\n<p class=\"has-text-align-center has-ti-fg-color has-text-color has-link-color wp-elements-3604e9b4834fa6b4342e280d777a221c\">Au 06 45 03 16 48 ou par email via le le lien suivant:<\/p>\n\n\n\n<div class=\"wp-block-buttons is-horizontal is-content-justification-center is-layout-flex wp-container-core-buttons-is-layout-03627597 wp-block-buttons-is-layout-flex\">\n<div class=\"wp-block-button has-custom-font-size has-medium-font-size\"><a class=\"wp-block-button__link has-luminous-vivid-orange-background-color has-text-color has-background has-border-color has-luminous-vivid-orange-border-color wp-element-button\" href=\"mailto:fabriziorigo72@gmail.com\" style=\"border-radius:0px;color:#ffffff\">Ecrivez-moi<\/a><\/div>\n<\/div>\n\n\n\n<div style=\"height:64px\" aria-hidden=\"true\" class=\"wp-block-spacer\"><\/div>\n<\/div>\n\n\n\n<div class=\"wp-block-group alignfull has-text-color has-background is-layout-constrained wp-block-group-is-layout-constrained\" style=\"color:#000000;background-color:#ffffff\">\n<div style=\"height:14px\" aria-hidden=\"true\" class=\"wp-block-spacer\"><\/div>\n\n\n\n<h2 class=\"wp-block-heading has-text-align-center has-medium-font-size\" id=\"schedule-a-visit\" style=\"line-height:1.15\"><strong>Besoin d&rsquo;un information ou d&rsquo;un devis? Contactez nous<\/strong><\/h2>\n\n\n\n<p class=\"has-text-align-center has-ti-fg-color has-text-color has-link-color wp-elements-80e95ae870c144f86e2352746dfbadc3\">Par <a href=\"mailto:fabriziorigo72@gmail.com\">email<\/a> \u00e0 ou par t\u00e9l\u00e9phone via le lien suivant: <\/p>\n\n\n\n<div class=\"wp-block-buttons is-horizontal is-content-justification-center is-layout-flex wp-container-core-buttons-is-layout-03627597 wp-block-buttons-is-layout-flex\">\n<div class=\"wp-block-button has-custom-font-size has-medium-font-size\"><a class=\"wp-block-button__link has-luminous-vivid-orange-background-color has-text-color has-background has-border-color has-luminous-vivid-orange-border-color wp-element-button\" href=\"tel:0645031648\" style=\"border-radius:0px;color:#ffffff\">Appelez-moi<\/a><\/div>\n<\/div>\n\n\n\n<div style=\"height:64px\" aria-hidden=\"true\" class=\"wp-block-spacer\"><\/div>\n<\/div>\n","protected":false},"excerpt":{"rendered":"<p>Vous cherchez une activit\u00e9 originale et ludique pour vos \u00e9l\u00e8ves ou pour votre MJC? Pourquoi ne pas leur proposer un cours de skate avec un moniteur dipl\u00f4m\u00e9 et exp\u00e9riment\u00e9 ? Voici ce que EasySkate vous propose : &#8211; Des cours adapt\u00e9s au niveau et aux envies de chaque participant, du d\u00e9butant au confirm\u00e9. &#8211; Des [&hellip;]<\/p>\n","protected":false},"author":1,"featured_media":0,"parent":0,"menu_order":0,"comment_status":"closed","ping_status":"closed","template":"","meta":{"_themeisle_gutenberg_block_has_review":false,"footnotes":""},"class_list":["post-99","page","type-page","status-publish","hentry"],"yoast_head":"<!-- This site is optimized with the Yoast SEO plugin v26.8 - https:\/\/yoast.com\/product\/yoast-seo-wordpress\/ -->\n<title>Cours collectif: le sur-mesure fa\u00e7on EasySkate - Easy Skate<\/title>\n<meta name=\"robots\" content=\"index, follow, max-snippet:-1, max-image-preview:large, max-video-preview:-1\" \/>\n<link rel=\"canonical\" href=\"https:\/\/easyskate.fr\/index.php\/cours-collectif-le-sur-mesure-facon-easyskate\/\" \/>\n<meta property=\"og:locale\" content=\"fr_FR\" \/>\n<meta property=\"og:type\" content=\"article\" \/>\n<meta property=\"og:title\" content=\"Cours collectif: le sur-mesure fa\u00e7on EasySkate - Easy Skate\" \/>\n<meta property=\"og:description\" content=\"Vous cherchez une activit\u00e9 originale et ludique pour vos \u00e9l\u00e8ves ou pour votre MJC? Pourquoi ne pas leur proposer un cours de skate avec un moniteur dipl\u00f4m\u00e9 et exp\u00e9riment\u00e9 ? Voici ce que EasySkate vous propose : &#8211; Des cours adapt\u00e9s au niveau et aux envies de chaque participant, du d\u00e9butant au confirm\u00e9. &#8211; Des [&hellip;]\" \/>\n<meta property=\"og:url\" content=\"https:\/\/easyskate.fr\/index.php\/cours-collectif-le-sur-mesure-facon-easyskate\/\" \/>\n<meta property=\"og:site_name\" content=\"Easy Skate\" \/>\n<meta property=\"article:publisher\" content=\"https:\/\/www.facebook.com\/profile.php?id=61555260633262\" \/>\n<meta property=\"article:modified_time\" content=\"2024-05-15T09:39:23+00:00\" \/>\n<meta property=\"og:image\" content=\"https:\/\/easyskate.fr\/wp-content\/uploads\/2024\/01\/logo-1.jpg\" \/>\n\t<meta property=\"og:image:width\" content=\"458\" \/>\n\t<meta property=\"og:image:height\" content=\"458\" \/>\n\t<meta property=\"og:image:type\" content=\"image\/jpeg\" \/>\n<meta name=\"twitter:card\" content=\"summary_large_image\" \/>\n<meta name=\"twitter:label1\" content=\"Dur\u00e9e de lecture estim\u00e9e\" \/>\n\t<meta name=\"twitter:data1\" content=\"2 minutes\" \/>\n<script type=\"application\/ld+json\" class=\"yoast-schema-graph\">{\"@context\":\"https:\/\/schema.org\",\"@graph\":[{\"@type\":\"WebPage\",\"@id\":\"https:\/\/easyskate.fr\/index.php\/cours-collectif-le-sur-mesure-facon-easyskate\/\",\"url\":\"https:\/\/easyskate.fr\/index.php\/cours-collectif-le-sur-mesure-facon-easyskate\/\",\"name\":\"Cours collectif: le sur-mesure fa\u00e7on EasySkate - Easy Skate\",\"isPartOf\":{\"@id\":\"https:\/\/easyskate.fr\/#website\"},\"datePublished\":\"2024-01-19T19:51:30+00:00\",\"dateModified\":\"2024-05-15T09:39:23+00:00\",\"breadcrumb\":{\"@id\":\"https:\/\/easyskate.fr\/index.php\/cours-collectif-le-sur-mesure-facon-easyskate\/#breadcrumb\"},\"inLanguage\":\"fr-FR\",\"potentialAction\":[{\"@type\":\"ReadAction\",\"target\":[\"https:\/\/easyskate.fr\/index.php\/cours-collectif-le-sur-mesure-facon-easyskate\/\"]}]},{\"@type\":\"BreadcrumbList\",\"@id\":\"https:\/\/easyskate.fr\/index.php\/cours-collectif-le-sur-mesure-facon-easyskate\/#breadcrumb\",\"itemListElement\":[{\"@type\":\"ListItem\",\"position\":1,\"name\":\"Accueil\",\"item\":\"https:\/\/easyskate.fr\/\"},{\"@type\":\"ListItem\",\"position\":2,\"name\":\"Cours collectif: le sur-mesure fa\u00e7on EasySkate\"}]},{\"@type\":\"WebSite\",\"@id\":\"https:\/\/easyskate.fr\/#website\",\"url\":\"https:\/\/easyskate.fr\/\",\"name\":\"Easy Skate\",\"description\":\"Easy skate, cours de skate sur Grenoble et ses environs.\",\"publisher\":{\"@id\":\"https:\/\/easyskate.fr\/#organization\"},\"potentialAction\":[{\"@type\":\"SearchAction\",\"target\":{\"@type\":\"EntryPoint\",\"urlTemplate\":\"https:\/\/easyskate.fr\/?s={search_term_string}\"},\"query-input\":{\"@type\":\"PropertyValueSpecification\",\"valueRequired\":true,\"valueName\":\"search_term_string\"}}],\"inLanguage\":\"fr-FR\"},{\"@type\":\"Organization\",\"@id\":\"https:\/\/easyskate.fr\/#organization\",\"name\":\"Easy Skate\",\"url\":\"https:\/\/easyskate.fr\/\",\"logo\":{\"@type\":\"ImageObject\",\"inLanguage\":\"fr-FR\",\"@id\":\"https:\/\/easyskate.fr\/#\/schema\/logo\/image\/\",\"url\":\"https:\/\/easyskate.fr\/wp-content\/uploads\/2024\/01\/logo-1.jpg\",\"contentUrl\":\"https:\/\/easyskate.fr\/wp-content\/uploads\/2024\/01\/logo-1.jpg\",\"width\":458,\"height\":458,\"caption\":\"Easy Skate\"},\"image\":{\"@id\":\"https:\/\/easyskate.fr\/#\/schema\/logo\/image\/\"},\"sameAs\":[\"https:\/\/www.facebook.com\/profile.php?id=61555260633262\"]}]}<\/script>\n<!-- \/ Yoast SEO plugin. -->","yoast_head_json":{"title":"Cours collectif: le sur-mesure fa\u00e7on EasySkate - Easy Skate","robots":{"index":"index","follow":"follow","max-snippet":"max-snippet:-1","max-image-preview":"max-image-preview:large","max-video-preview":"max-video-preview:-1"},"canonical":"https:\/\/easyskate.fr\/index.php\/cours-collectif-le-sur-mesure-facon-easyskate\/","og_locale":"fr_FR","og_type":"article","og_title":"Cours collectif: le sur-mesure fa\u00e7on EasySkate - Easy Skate","og_description":"Vous cherchez une activit\u00e9 originale et ludique pour vos \u00e9l\u00e8ves ou pour votre MJC? Pourquoi ne pas leur proposer un cours de skate avec un moniteur dipl\u00f4m\u00e9 et exp\u00e9riment\u00e9 ? Voici ce que EasySkate vous propose : &#8211; Des cours adapt\u00e9s au niveau et aux envies de chaque participant, du d\u00e9butant au confirm\u00e9. &#8211; Des [&hellip;]","og_url":"https:\/\/easyskate.fr\/index.php\/cours-collectif-le-sur-mesure-facon-easyskate\/","og_site_name":"Easy Skate","article_publisher":"https:\/\/www.facebook.com\/profile.php?id=61555260633262","article_modified_time":"2024-05-15T09:39:23+00:00","og_image":[{"width":458,"height":458,"url":"https:\/\/easyskate.fr\/wp-content\/uploads\/2024\/01\/logo-1.jpg","type":"image\/jpeg"}],"twitter_card":"summary_large_image","twitter_misc":{"Dur\u00e9e de lecture estim\u00e9e":"2 minutes"},"schema":{"@context":"https:\/\/schema.org","@graph":[{"@type":"WebPage","@id":"https:\/\/easyskate.fr\/index.php\/cours-collectif-le-sur-mesure-facon-easyskate\/","url":"https:\/\/easyskate.fr\/index.php\/cours-collectif-le-sur-mesure-facon-easyskate\/","name":"Cours collectif: le sur-mesure fa\u00e7on EasySkate - Easy Skate","isPartOf":{"@id":"https:\/\/easyskate.fr\/#website"},"datePublished":"2024-01-19T19:51:30+00:00","dateModified":"2024-05-15T09:39:23+00:00","breadcrumb":{"@id":"https:\/\/easyskate.fr\/index.php\/cours-collectif-le-sur-mesure-facon-easyskate\/#breadcrumb"},"inLanguage":"fr-FR","potentialAction":[{"@type":"ReadAction","target":["https:\/\/easyskate.fr\/index.php\/cours-collectif-le-sur-mesure-facon-easyskate\/"]}]},{"@type":"BreadcrumbList","@id":"https:\/\/easyskate.fr\/index.php\/cours-collectif-le-sur-mesure-facon-easyskate\/#breadcrumb","itemListElement":[{"@type":"ListItem","position":1,"name":"Accueil","item":"https:\/\/easyskate.fr\/"},{"@type":"ListItem","position":2,"name":"Cours collectif: le sur-mesure fa\u00e7on EasySkate"}]},{"@type":"WebSite","@id":"https:\/\/easyskate.fr\/#website","url":"https:\/\/easyskate.fr\/","name":"Easy Skate","description":"Easy skate, cours de skate sur Grenoble et ses environs.","publisher":{"@id":"https:\/\/easyskate.fr\/#organization"},"potentialAction":[{"@type":"SearchAction","target":{"@type":"EntryPoint","urlTemplate":"https:\/\/easyskate.fr\/?s={search_term_string}"},"query-input":{"@type":"PropertyValueSpecification","valueRequired":true,"valueName":"search_term_string"}}],"inLanguage":"fr-FR"},{"@type":"Organization","@id":"https:\/\/easyskate.fr\/#organization","name":"Easy Skate","url":"https:\/\/easyskate.fr\/","logo":{"@type":"ImageObject","inLanguage":"fr-FR","@id":"https:\/\/easyskate.fr\/#\/schema\/logo\/image\/","url":"https:\/\/easyskate.fr\/wp-content\/uploads\/2024\/01\/logo-1.jpg","contentUrl":"https:\/\/easyskate.fr\/wp-content\/uploads\/2024\/01\/logo-1.jpg","width":458,"height":458,"caption":"Easy Skate"},"image":{"@id":"https:\/\/easyskate.fr\/#\/schema\/logo\/image\/"},"sameAs":["https:\/\/www.facebook.com\/profile.php?id=61555260633262"]}]}},"_links":{"self":[{"href":"https:\/\/easyskate.fr\/index.php\/wp-json\/wp\/v2\/pages\/99","targetHints":{"allow":["GET"]}}],"collection":[{"href":"https:\/\/easyskate.fr\/index.php\/wp-json\/wp\/v2\/pages"}],"about":[{"href":"https:\/\/easyskate.fr\/index.php\/wp-json\/wp\/v2\/types\/page"}],"author":[{"embeddable":true,"href":"https:\/\/easyskate.fr\/index.php\/wp-json\/wp\/v2\/users\/1"}],"replies":[{"embeddable":true,"href":"https:\/\/easyskate.fr\/index.php\/wp-json\/wp\/v2\/comments?post=99"}],"version-history":[{"count":8,"href":"https:\/\/easyskate.fr\/index.php\/wp-json\/wp\/v2\/pages\/99\/revisions"}],"predecessor-version":[{"id":286,"href":"https:\/\/easyskate.fr\/index.php\/wp-json\/wp\/v2\/pages\/99\/revisions\/286"}],"wp:attachment":[{"href":"https:\/\/easyskate.fr\/index.php\/wp-json\/wp\/v2\/media?parent=99"}],"curies":[{"name":"wp","href":"https:\/\/api.w.org\/{rel}","templated":true}]}}